{"id":10655,"date":"2026-02-20T18:27:54","date_gmt":"2026-02-20T18:27:54","guid":{"rendered":"https:\/\/dripdrop.is\/skilmalar-fyrir-medlimi\/"},"modified":"2026-04-04T17:55:37","modified_gmt":"2026-04-04T17:55:37","slug":"skilmalar-fyrir-medlimi","status":"publish","type":"page","link":"https:\/\/dripdrop.is\/is\/skilmalar-fyrir-medlimi\/","title":{"rendered":"Skilm\u00e1lar fyrir me\u00f0limi"},"content":{"rendered":"\n<p>Vinsamlegast lestu \u00feessa skilm\u00e1la vandlega <\/p>\n\n<p><strong>1. Grei\u00f0slur og \u00fe\u00f3knun<\/strong><\/p>\n\n<p>DripDrop processes the full payment from the client on behalf of the member. From each confirmed booking, DripDrop retains a 12% commission fee. Following completion of the experience, the member is responsible for issuing an invoice to info@dripdrop.is for the remaining balance. Invoices must be submitted after the tour or event has been finalized. Payment will be taken care of within 28 days of booking.\u00a0<\/p>\n\n<p>\u00de\u00f3knunin n\u00e6r yfir afnot af DripDrop-vettvangnum, grei\u00f0sluvinnslu, skr\u00e1ningu vi\u00f0bur\u00f0a og kynningu \u00ed gegnum sameiginlega vell\u00ed\u00f0unardagatali\u00f0, \u00e1samt a\u00f0gangi a\u00f0 DripDrop-vell\u00ed\u00f0unarsamf\u00e9laginu.<\/p>\n\n<p><strong>2. Afb\u00f3kunar- og endurgrei\u00f0sluskilm\u00e1lar fyrir vi\u00f0bur\u00f0i<\/strong><\/p>\n\n<p><strong>2.1 Dagsfer\u00f0ir og styttri vi\u00f0bur\u00f0ir<\/strong><\/p>\n\n<p>Meira en 24 klukkustunda fyrirvari: Full endurgrei\u00f0sla.<\/p>\n\n<p>Minna en 24 klukkustunda fyrirvari: Engin endurgrei\u00f0sla. <\/p>\n\n<p><strong>2.2 Vi\u00f0bur\u00f0ir sem vara lengur en dagsfer\u00f0ir<\/strong> <\/p>\n\n<p>100% endurgrei\u00f0sla ef afb\u00f3ka\u00f0 er 30+ d\u00f6gum fyrir upphafsdag <\/p>\n\n<p>50% endurgrei\u00f0sla ef afb\u00f3ka\u00f0 er 15\u201329 d\u00f6gum fyrir upphafsdag <\/p>\n\n<p>0% endurgrei\u00f0sla ef afb\u00f3ka\u00f0 er 0\u201314 d\u00f6gum fyrir upphafsdag <\/p>\n\n<p><strong>3. Ve\u00f0ur og a\u00f0rar \u00f3fyrirs\u00e9\u00f0ar a\u00f0st\u00e6\u00f0ur<\/strong><\/p>\n\n<p>Margar DripDrop-upplifanir fara fram utandyra og eru h\u00e1\u00f0ar ve\u00f0ri og n\u00e1tt\u00farulegum a\u00f0st\u00e6\u00f0um. Me\u00f0limir \u00e1skilja s\u00e9r r\u00e9tt til a\u00f0 breyta, fresta e\u00f0a afl\u00fdsa upplifun ef a\u00f0st\u00e6\u00f0ur teljast \u00f3\u00f6ruggar e\u00f0a \u00f3vi\u00f0eigandi.<\/p>\n\n<p>Ef til afb\u00f3kunar kemur vegna sl\u00e6ms ve\u00f0urs, n\u00e1tt\u00farulegra a\u00f0st\u00e6\u00f0na e\u00f0a annarra atvika sem skipuleggjandi hefur enga stj\u00f3rn \u00e1 (\u00fear \u00e1 me\u00f0al en ekki takmarka\u00f0 vi\u00f0 aftakave\u00f0ur, n\u00e1tt\u00faruv\u00e1 e\u00f0a opinberar fer\u00f0avi\u00f0varanir), ver\u00f0a me\u00f0limir a\u00f0 l\u00e1ta \u00fe\u00e1tttakendur vita \u00e1n tafar og kynna \u00fe\u00e1 valkosti sem \u00ed bo\u00f0i eru. \u00deetta getur fali\u00f0 \u00ed s\u00e9r n\u00fdja t\u00edmasetningu, inneign e\u00f0a endurgrei\u00f0slu, \u00ed samr\u00e6mi vi\u00f0 gildandi afb\u00f3kunar- og endurgrei\u00f0sluskilm\u00e1la.<\/p>\n\n<p>DripDrop ber ekki \u00e1byrg\u00f0 \u00e1 afb\u00f3kunum sem stafa af ve\u00f0ri e\u00f0a \u00f3fyrirs\u00e9\u00f0um atbur\u00f0um.<\/p>\n\n<p><strong>4. Ska\u00f0ab\u00f3ta\u00e1byrg\u00f0 og \u00e1byrg\u00f0 \u00fe\u00e1tttakenda<\/strong><\/p>\n\n<p>Me\u00f0limir bera \u00e1byrg\u00f0 \u00e1 \u00fev\u00ed a\u00f0 tryggja a\u00f0 upplifanir \u00feeirra fari fram \u00e1 \u00f6ruggan h\u00e1tt og s\u00e9u \u00ed samr\u00e6mi vi\u00f0 gildandi l\u00f6g, leyfi og kr\u00f6fur um tryggingar.<\/p>\n\n<p>\u00de\u00e1tttakendur taka \u00fe\u00e1tt \u00e1 eigin \u00e1byrg\u00f0 og bera \u00e1byrg\u00f0 \u00e1 a\u00f0 meta eigi\u00f0 l\u00edkamlegt \u00e1stand og h\u00e6fni til \u00fe\u00e1ttt\u00f6ku. Me\u00f0limir ver\u00f0a a\u00f0 gefa sk\u00fdrt upp allar kr\u00f6fur um l\u00edkamlegt atgervi, \u00e1h\u00e6ttu e\u00f0a nau\u00f0synlegan b\u00fana\u00f0 me\u00f0 fyrirvara.<\/p>\n\n<p>DripDrop starfar eing\u00f6ngu sem vettvangur sem tengir saman me\u00f0limi og \u00fe\u00e1tttakendur og tekur enga \u00e1byrg\u00f0 \u00e1 framkv\u00e6md, \u00f6ryggi e\u00f0a \u00fatkomu \u00feeirra upplifana sem bo\u00f0i\u00f0 er upp \u00e1.<\/p>\n\n<p><strong>5. Samskipti vi\u00f0 vi\u00f0skiptavini<\/strong><\/p>\n\n<p>Vi\u00f0skiptavinir geta haft beint samband vi\u00f0 me\u00f0limi me\u00f0 allar spurningar sem tengjast upplifuninni, \u00fear \u00e1 me\u00f0al um innihald, kr\u00f6fur e\u00f0a s\u00e9rstakar \u00f3skir. Me\u00f0limir bera \u00e1byrg\u00f0 \u00e1 a\u00f0 veita r\u00e9ttar uppl\u00fdsingar og svara \u00f6llum fyrirspurnum vi\u00f0skiptavina t\u00edmanlega.<\/p>\n\n<p>Me\u00f0 \u00fev\u00ed a\u00f0 skr\u00e1 upplifun \u00e1 DripDrop-vettvanginn sta\u00f0festa me\u00f0limir a\u00f0 \u00feeir hafi lesi\u00f0, skili\u00f0 og sam\u00feykkt \u00feessa skilm\u00e1la.<\/p>\n\n<p><\/p>\n","protected":false},"excerpt":{"rendered":"<p>Vinsamlegast lestu \u00feessa skilm\u00e1la vandlega 1. Grei\u00f0slur og \u00fe\u00f3knun DripDrop processes the full payment from the client on behalf of the member. From each confirmed booking, DripDrop retains a 12% commission fee. Following completion of the experience, the member is responsible for issuing an invoice to info@dripdrop.is for the remaining balance. Invoices must be submitted [&hellip;]<\/p>\n","protected":false},"author":1,"featured_media":0,"parent":0,"menu_order":0,"comment_status":"closed","ping_status":"closed","template":"","meta":{"_eb_attr":"","content-type":"","inline_featured_image":false,"_uag_custom_page_level_css":"","site-sidebar-layout":"default","site-content-layout":"","ast-site-content-layout":"default","site-content-style":"default","site-sidebar-style":"default","ast-global-header-display":"","ast-banner-title-visibility":"","ast-main-header-display":"","ast-hfb-above-header-display":"","ast-hfb-below-header-display":"","ast-hfb-mobile-header-display":"","site-post-title":"","ast-breadcrumbs-content":"","ast-featured-img":"","footer-sml-layout":"","ast-disable-related-posts":"","theme-transparent-header-meta":"","adv-header-id-meta":"","stick-header-meta":"","header-above-stick-meta":"","header-main-stick-meta":"","header-below-stick-meta":"","astra-migrate-meta-layouts":"default","ast-page-background-enabled":"default","ast-page-background-meta":{"desktop":{"background-color":"","background-image":"","background-repeat":"repeat","background-position":"center center","background-size":"auto","background-attachment":"scroll","background-type":"","background-media":"","overlay-type":"","overlay-color":"","overlay-opacity":"","overlay-gradient":""},"tablet":{"background-color":"","background-image":"","background-repeat":"repeat","background-position":"center center","background-size":"auto","background-attachment":"scroll","background-type":"","background-media":"","overlay-type":"","overlay-color":"","overlay-opacity":"","overlay-gradient":""},"mobile":{"background-color":"","background-image":"","background-repeat":"repeat","background-position":"center center","background-size":"auto","background-attachment":"scroll","background-type":"","background-media":"","overlay-type":"","overlay-color":"","overlay-opacity":"","overlay-gradient":""}},"ast-content-background-meta":{"desktop":{"background-color":"var(--ast-global-color-5)","background-image":"","background-repeat":"repeat","background-position":"center center","background-size":"auto","background-attachment":"scroll","background-type":"","background-media":"","overlay-type":"","overlay-color":"","overlay-opacity":"","overlay-gradient":""},"tablet":{"background-color":"var(--ast-global-color-5)","background-image":"","background-repeat":"repeat","background-position":"center center","background-size":"auto","background-attachment":"scroll","background-type":"","background-media":"","overlay-type":"","overlay-color":"","overlay-opacity":"","overlay-gradient":""},"mobile":{"background-color":"var(--ast-global-color-5)","background-image":"","background-repeat":"repeat","background-position":"center center","background-size":"auto","background-attachment":"scroll","background-type":"","background-media":"","overlay-type":"","overlay-color":"","overlay-opacity":"","overlay-gradient":""}},"_price":"","_stock":"","_tribe_ticket_header":"","_tribe_default_ticket_provider":"","_tribe_ticket_capacity":"0","_ticket_start_date":"","_ticket_end_date":"","_tribe_ticket_show_description":"","_tribe_ticket_show_not_going":false,"_tribe_ticket_use_global_stock":"","_tribe_ticket_global_stock_level":"","_global_stock_mode":"","_global_stock_cap":"","_tribe_rsvp_for_event":"","_tribe_ticket_going_count":"","_tribe_ticket_not_going_count":"","_tribe_tickets_list":"[]","_tribe_ticket_has_attendee_info_fields":false,"footnotes":"","_tec_slr_enabled":"","_tec_slr_layout":""},"class_list":["post-10655","page","type-page","status-publish","hentry"],"aioseo_notices":[],"spectra_custom_meta":{"surerank_seo_checks":["a:13:{s:14:\"h2_subheadings\";a:3:{s:6:\"status\";s:7:\"warning\";s:7:\"message\";s:42:\"The page does not contain any subheadings.\";s:4:\"type\";s:4:\"page\";}s:13:\"media_present\";a:3:{s:6:\"status\";s:7:\"warning\";s:7:\"message\";s:39:\"No images or videos found on this page.\";s:4:\"type\";s:4:\"page\";}s:13:\"links_present\";a:3:{s:6:\"status\";s:7:\"warning\";s:7:\"message\";s:27:\"No links found on the page.\";s:4:\"type\";s:4:\"page\";}s:10:\"url_length\";a:3:{s:6:\"status\";s:7:\"success\";s:7:\"message\";s:35:\"Page URL is short and SEO-friendly.\";s:4:\"type\";s:4:\"page\";}s:19:\"search_engine_title\";a:3:{s:6:\"status\";s:7:\"success\";s:7:\"message\";s:55:\"Search engine title is present and under 60 characters.\";s:4:\"type\";s:4:\"page\";}s:25:\"search_engine_description\";a:3:{s:6:\"status\";s:7:\"success\";s:7:\"message\";s:62:\"Search engine description is present and under 160 characters.\";s:4:\"type\";s:4:\"page\";}s:13:\"canonical_url\";a:3:{s:6:\"status\";s:7:\"success\";s:7:\"message\";s:37:\"Canonical tag is present on the page.\";s:4:\"type\";s:4:\"page\";}s:15:\"open_graph_tags\";a:3:{s:6:\"status\";s:7:\"success\";s:7:\"message\";s:40:\"Open Graph tags are present on the page.\";s:4:\"type\";s:4:\"page\";}s:16:\"keyword_in_title\";a:3:{s:6:\"status\";s:10:\"suggestion\";s:7:\"message\";s:38:\"No focus keyword set to analyze title.\";s:4:\"type\";s:7:\"keyword\";}s:22:\"keyword_in_description\";a:3:{s:6:\"status\";s:10:\"suggestion\";s:7:\"message\";s:49:\"No focus keyword set to analyze meta description.\";s:4:\"type\";s:7:\"keyword\";}s:14:\"keyword_in_url\";a:3:{s:6:\"status\";s:10:\"suggestion\";s:7:\"message\";s:36:\"No focus keyword set to analyze URL.\";s:4:\"type\";s:7:\"keyword\";}s:18:\"keyword_in_content\";a:3:{s:6:\"status\";s:10:\"suggestion\";s:7:\"message\";s:40:\"No focus keyword set to analyze content.\";s:4:\"type\";s:7:\"keyword\";}s:12:\"broken_links\";a:2:{s:6:\"status\";s:7:\"success\";s:7:\"message\";s:34:\"No broken links found on the page.\";}}"],"surerank_seo_checks_last_updated":["1775325338"],"_last_translation_edit_mode":["translation-editor"],"_price":[""],"ast-main-header-display":[""],"ast-hfb-above-header-display":[""],"ast-hfb-below-header-display":[""],"ast-hfb-mobile-header-display":[""],"adv-header-id-meta":[""],"footer-sml-layout":[""],"stick-header-meta":[""],"header-main-stick-meta":[""],"header-above-stick-meta":[""],"header-below-stick-meta":[""],"site-post-title":[""],"site-sidebar-layout":["default"],"site-content-layout":[""],"ast-featured-img":[""],"ast-breadcrumbs-content":[""],"theme-transparent-header-meta":[""],"ast-banner-title-visibility":[""],"ast-global-header-display":[""],"ast-site-content-layout":["default"],"site-content-style":["default"],"site-sidebar-style":["default"],"_wpml_word_count":["528"],"_eb_reusable_block_ids":["a:0:{}"],"_eael_post_view_count":["11"],"litespeed_vpi_list":["a:1:{i:0;s:9:\"vpi error\";}"],"_wp_page_template":[""],"_aioseo_title":[null],"_aioseo_description":[null],"_aioseo_keywords":["a:0:{}"],"_aioseo_og_title":[""],"_aioseo_og_description":[""],"_aioseo_og_article_section":[""],"_aioseo_og_article_tags":["a:0:{}"],"_aioseo_twitter_title":[""],"_aioseo_twitter_description":[""],"um_content_restriction":["a:8:{s:26:\"_um_custom_access_settings\";b:0;s:14:\"_um_accessible\";i:0;s:28:\"_um_access_hide_from_queries\";b:0;s:19:\"_um_noaccess_action\";i:0;s:30:\"_um_restrict_by_custom_message\";i:0;s:27:\"_um_restrict_custom_message\";s:0:\"\";s:19:\"_um_access_redirect\";i:0;s:23:\"_um_access_redirect_url\";s:0:\"\";}"],"litespeed_vpi_list_mobile":["a:1:{i:0;s:21:\"DRI_Logo_Wellness.svg\";}"],"_tribe_ticket_capacity":["0"],"_tribe_ticket_version":["5.27.5"],"_uag_css_file_name":["uag-css-10655.css"],"_uag_page_assets":["a:9:{s:3:\"css\";s:9420:\".uag-blocks-common-selector{z-index:var(--z-index-desktop) !important}@media(max-width: 976px){.uag-blocks-common-selector{z-index:var(--z-index-tablet) !important}}@media(max-width: 767px){.uag-blocks-common-selector{z-index:var(--z-index-mobile) !important}}.wp-block-uagb-image{display:flex}.wp-block-uagb-image__figure{position:relative;display:flex;flex-direction:column;max-width:100%;height:auto;margin:0}.wp-block-uagb-image__figure img{height:auto;display:flex;max-width:100%;transition:box-shadow .2s ease}.wp-block-uagb-image__figure>a{display:inline-block}.wp-block-uagb-image__figure figcaption{text-align:center;margin-top:.5em;margin-bottom:1em}.wp-block-uagb-image .components-placeholder.block-editor-media-placeholder .components-placeholder__instructions{align-self:center}.wp-block-uagb-image--align-left{text-align:left}.wp-block-uagb-image--align-right{text-align:right}.wp-block-uagb-image--align-center{text-align:center}.wp-block-uagb-image--align-full .wp-block-uagb-image__figure{margin-left:calc(50% - 50vw);margin-right:calc(50% - 50vw);max-width:100vw;width:100vw;height:auto}.wp-block-uagb-image--align-full .wp-block-uagb-image__figure img{height:auto;width:100% !important}.wp-block-uagb-image--align-wide .wp-block-uagb-image__figure img{height:auto;width:100%}.wp-block-uagb-image--layout-overlay__color-wrapper{position:absolute;left:0;top:0;right:0;bottom:0;opacity:.2;background:rgba(0,0,0,.5);transition:opacity .35s ease-in-out}.wp-block-uagb-image--layout-overlay-link{position:absolute;left:0;right:0;bottom:0;top:0}.wp-block-uagb-image--layout-overlay .wp-block-uagb-image__figure:hover .wp-block-uagb-image--layout-overlay__color-wrapper{opacity:1}.wp-block-uagb-image--layout-overlay__inner{position:absolute;left:15px;right:15px;bottom:15px;top:15px;display:flex;align-items:center;justify-content:center;flex-direction:column;border-color:#fff;transition:.35s ease-in-out}.wp-block-uagb-image--layout-overlay__inner.top-left,.wp-block-uagb-image--layout-overlay__inner.top-center,.wp-block-uagb-image--layout-overlay__inner.top-right{justify-content:flex-start}.wp-block-uagb-image--layout-overlay__inner.bottom-left,.wp-block-uagb-image--layout-overlay__inner.bottom-center,.wp-block-uagb-image--layout-overlay__inner.bottom-right{justify-content:flex-end}.wp-block-uagb-image--layout-overlay__inner.top-left,.wp-block-uagb-image--layout-overlay__inner.center-left,.wp-block-uagb-image--layout-overlay__inner.bottom-left{align-items:flex-start}.wp-block-uagb-image--layout-overlay__inner.top-right,.wp-block-uagb-image--layout-overlay__inner.center-right,.wp-block-uagb-image--layout-overlay__inner.bottom-right{align-items:flex-end}.wp-block-uagb-image--layout-overlay__inner .uagb-image-heading{color:#fff;transition:transform .35s,opacity .35s ease-in-out;transform:translate3d(0, 24px, 0);margin:0;line-height:1em}.wp-block-uagb-image--layout-overlay__inner .uagb-image-separator{width:30%;border-top-width:2px;border-top-color:#fff;border-top-style:solid;margin-bottom:10px;opacity:0;transition:transform .4s,opacity .4s ease-in-out;transform:translate3d(0, 30px, 0)}.wp-block-uagb-image--layout-overlay__inner .uagb-image-caption{opacity:0;overflow:visible;color:#fff;transition:transform .45s,opacity .45s ease-in-out;transform:translate3d(0, 35px, 0)}.wp-block-uagb-image--layout-overlay__inner:hover .uagb-image-heading,.wp-block-uagb-image--layout-overlay__inner:hover .uagb-image-separator,.wp-block-uagb-image--layout-overlay__inner:hover .uagb-image-caption{opacity:1;transform:translate3d(0, 0, 0)}.wp-block-uagb-image--effect-zoomin .wp-block-uagb-image__figure img,.wp-block-uagb-image--effect-zoomin .wp-block-uagb-image__figure .wp-block-uagb-image--layout-overlay__color-wrapper{transform:scale(1);transition:transform .35s ease-in-out}.wp-block-uagb-image--effect-zoomin .wp-block-uagb-image__figure:hover img,.wp-block-uagb-image--effect-zoomin .wp-block-uagb-image__figure:hover .wp-block-uagb-image--layout-overlay__color-wrapper{transform:scale(1.05)}.wp-block-uagb-image--effect-slide .wp-block-uagb-image__figure img,.wp-block-uagb-image--effect-slide .wp-block-uagb-image__figure .wp-block-uagb-image--layout-overlay__color-wrapper{width:calc(100% + 40px) !important;max-width:none !important;transform:translate3d(-40px, 0, 0);transition:transform .35s ease-in-out}.wp-block-uagb-image--effect-slide .wp-block-uagb-image__figure:hover img,.wp-block-uagb-image--effect-slide .wp-block-uagb-image__figure:hover .wp-block-uagb-image--layout-overlay__color-wrapper{transform:translate3d(0, 0, 0)}.wp-block-uagb-image--effect-grayscale img{filter:grayscale(0%);transition:.35s ease-in-out}.wp-block-uagb-image--effect-grayscale:hover img{filter:grayscale(100%)}.wp-block-uagb-image--effect-blur img{filter:blur(0);transition:.35s ease-in-out}.wp-block-uagb-image--effect-blur:hover img{filter:blur(3px)}.uagb-block-2721e973.wp-block-uagb-image--layout-default figure img{box-shadow: 0px 0px 0 #00000070;}.uagb-block-2721e973.wp-block-uagb-image .wp-block-uagb-image__figure figcaption{font-style: normal;align-self: center;}.uagb-block-2721e973.wp-block-uagb-image--layout-overlay figure img{box-shadow: 0px 0px 0 #00000070;}.uagb-block-2721e973.wp-block-uagb-image--layout-overlay .wp-block-uagb-image--layout-overlay__color-wrapper{opacity: 0.2;}.uagb-block-2721e973.wp-block-uagb-image--layout-overlay .wp-block-uagb-image--layout-overlay__inner{left: 15px;right: 15px;top: 15px;bottom: 15px;}.uagb-block-2721e973.wp-block-uagb-image--layout-overlay .wp-block-uagb-image--layout-overlay__inner .uagb-image-heading{font-style: normal;color: #fff;opacity: 1;}.uagb-block-2721e973.wp-block-uagb-image--layout-overlay .wp-block-uagb-image--layout-overlay__inner .uagb-image-heading a{color: #fff;}.uagb-block-2721e973.wp-block-uagb-image--layout-overlay .wp-block-uagb-image--layout-overlay__inner .uagb-image-caption{opacity: 0;}.uagb-block-2721e973.wp-block-uagb-image--layout-overlay .wp-block-uagb-image__figure:hover .wp-block-uagb-image--layout-overlay__color-wrapper{opacity: 1;}.uagb-block-2721e973.wp-block-uagb-image .wp-block-uagb-image--layout-overlay__inner .uagb-image-separator{width: 30%;border-top-width: 2px;border-top-color: #fff;opacity: 0;}.uagb-block-2721e973.wp-block-uagb-image .wp-block-uagb-image__figure img{object-fit: cover;width: 230px;height: 240px;}.uagb-block-2721e973.wp-block-uagb-image .wp-block-uagb-image__figure:hover .wp-block-uagb-image--layout-overlay__inner .uagb-image-caption{opacity: 1;}.uagb-block-2721e973.wp-block-uagb-image .wp-block-uagb-image__figure:hover .wp-block-uagb-image--layout-overlay__inner .uagb-image-separator{opacity: 1;}.uagb-block-2721e973.wp-block-uagb-image--layout-default figure:hover img{box-shadow: 0px 0px 0 #00000070;}.uagb-block-2721e973.wp-block-uagb-image--layout-overlay figure:hover img{box-shadow: 0px 0px 0 #00000070;}@media only screen and (max-width: 976px) {.uagb-block-2721e973.wp-block-uagb-image .wp-block-uagb-image__figure img{width: 230px;height: auto;}}@media only screen and (max-width: 767px) {.uagb-block-2721e973.wp-block-uagb-image .wp-block-uagb-image__figure img{width: 230px;height: auto;}}.uagb-block-08517200.wp-block-uagb-image--layout-default figure img{box-shadow: 0px 0px 0 #00000070;}.uagb-block-08517200.wp-block-uagb-image .wp-block-uagb-image__figure figcaption{font-style: normal;align-self: center;}.uagb-block-08517200.wp-block-uagb-image--layout-overlay figure img{box-shadow: 0px 0px 0 #00000070;}.uagb-block-08517200.wp-block-uagb-image--layout-overlay .wp-block-uagb-image--layout-overlay__color-wrapper{opacity: 0.2;}.uagb-block-08517200.wp-block-uagb-image--layout-overlay .wp-block-uagb-image--layout-overlay__inner{left: 15px;right: 15px;top: 15px;bottom: 15px;}.uagb-block-08517200.wp-block-uagb-image--layout-overlay .wp-block-uagb-image--layout-overlay__inner .uagb-image-heading{font-style: normal;color: #fff;opacity: 1;}.uagb-block-08517200.wp-block-uagb-image--layout-overlay .wp-block-uagb-image--layout-overlay__inner .uagb-image-heading a{color: #fff;}.uagb-block-08517200.wp-block-uagb-image--layout-overlay .wp-block-uagb-image--layout-overlay__inner .uagb-image-caption{opacity: 0;}.uagb-block-08517200.wp-block-uagb-image--layout-overlay .wp-block-uagb-image__figure:hover .wp-block-uagb-image--layout-overlay__color-wrapper{opacity: 1;}.uagb-block-08517200.wp-block-uagb-image .wp-block-uagb-image--layout-overlay__inner .uagb-image-separator{width: 30%;border-top-width: 2px;border-top-color: #fff;opacity: 0;}.uagb-block-08517200.wp-block-uagb-image .wp-block-uagb-image__figure img{width: px;height: auto;}.uagb-block-08517200.wp-block-uagb-image .wp-block-uagb-image__figure:hover .wp-block-uagb-image--layout-overlay__inner .uagb-image-caption{opacity: 1;}.uagb-block-08517200.wp-block-uagb-image .wp-block-uagb-image__figure:hover .wp-block-uagb-image--layout-overlay__inner .uagb-image-separator{opacity: 1;}.uagb-block-08517200.wp-block-uagb-image--layout-default figure:hover img{box-shadow: 0px 0px 0 #00000070;}.uagb-block-08517200.wp-block-uagb-image--layout-overlay figure:hover img{box-shadow: 0px 0px 0 #00000070;}@media only screen and (max-width: 976px) {.uagb-block-08517200.wp-block-uagb-image .wp-block-uagb-image__figure img{width: px;height: auto;}}@media only screen and (max-width: 767px) {.uagb-block-08517200.wp-block-uagb-image .wp-block-uagb-image__figure img{width: px;height: auto;}}\";s:2:\"js\";s:0:\"\";s:18:\"current_block_list\";a:12:{i:0;s:14:\"core\/paragraph\";i:1;s:11:\"core\/search\";i:2;s:10:\"core\/group\";i:3;s:12:\"core\/heading\";i:4;s:17:\"core\/latest-posts\";i:5;s:20:\"core\/latest-comments\";i:6;s:13:\"core\/archives\";i:7;s:15:\"core\/categories\";i:8;s:10:\"uagb\/image\";i:9;s:10:\"core\/image\";i:10;s:12:\"core\/details\";i:11;s:14:\"core\/shortcode\";}s:8:\"uag_flag\";b:1;s:11:\"uag_version\";i:1777624664;s:6:\"gfonts\";a:0:{}s:10:\"gfonts_url\";s:0:\"\";s:12:\"gfonts_files\";a:0:{}s:14:\"uag_faq_layout\";b:0;}"]},"uagb_featured_image_src":{"full":false,"thumbnail":false,"medium":false,"medium_large":false,"large":false,"1536x1536":false,"2048x2048":false,"woocommerce_thumbnail":false,"woocommerce_single":false,"woocommerce_gallery_thumbnail":false},"uagb_author_info":{"display_name":"DripDrop Drop","author_link":"https:\/\/dripdrop.is\/is\/author\/hildursaevarsgmail-com\/"},"uagb_comment_info":0,"uagb_excerpt":"Vinsamlegast lestu \u00feessa skilm\u00e1la vandlega 1. Grei\u00f0slur og \u00fe\u00f3knun DripDrop processes the full payment from the client on behalf of the member. From each confirmed booking, DripDrop retains a 12% commission fee. Following completion of the experience, the member is responsible for issuing an invoice to info@dripdrop.is for the remaining balance. Invoices must be submitted&hellip;","ticketed":false,"_links":{"self":[{"href":"https:\/\/dripdrop.is\/is\/wp-json\/wp\/v2\/pages\/10655","targetHints":{"allow":["GET"]}}],"collection":[{"href":"https:\/\/dripdrop.is\/is\/wp-json\/wp\/v2\/pages"}],"about":[{"href":"https:\/\/dripdrop.is\/is\/wp-json\/wp\/v2\/types\/page"}],"author":[{"embeddable":true,"href":"https:\/\/dripdrop.is\/is\/wp-json\/wp\/v2\/users\/1"}],"replies":[{"embeddable":true,"href":"https:\/\/dripdrop.is\/is\/wp-json\/wp\/v2\/comments?post=10655"}],"version-history":[{"count":6,"href":"https:\/\/dripdrop.is\/is\/wp-json\/wp\/v2\/pages\/10655\/revisions"}],"predecessor-version":[{"id":11121,"href":"https:\/\/dripdrop.is\/is\/wp-json\/wp\/v2\/pages\/10655\/revisions\/11121"}],"wp:attachment":[{"href":"https:\/\/dripdrop.is\/is\/wp-json\/wp\/v2\/media?parent=10655"}],"curies":[{"name":"wp","href":"https:\/\/api.w.org\/{rel}","templated":true}]}}