{"id":11130,"date":"2026-04-01T00:38:36","date_gmt":"2026-04-01T00:38:36","guid":{"rendered":"https:\/\/dripdrop.is\/leidbeiningar-um-uppsetningu-vidburdar\/"},"modified":"2026-04-04T18:37:30","modified_gmt":"2026-04-04T18:37:30","slug":"leidbeiningar-um-uppsetningu-vidburdar","status":"publish","type":"page","link":"https:\/\/dripdrop.is\/is\/leidbeiningar-um-uppsetningu-vidburdar\/","title":{"rendered":"lei\u00f0beiningar um uppsetningu vi\u00f0bur\u00f0ar"},"content":{"rendered":"\n<h2 class=\"wp-block-heading\">HVERNIG \u00c1 A\u00d0 B\u00daA TIL OG BIRTA VI\u00d0BUR\u00d0 \u00c1 DripDrop<\/h2>\n\n<p>Fylgdu \u00feessum einf\u00f6ldu skrefum til a\u00f0 b\u00faa til og birta vi\u00f0bur\u00f0inn \u00feinn \u00e1 DripDrop.<\/p>\n\n<p>Smelltu \u00e1 <strong>\u201eMe\u00f0limur\u201c<\/strong> \u00e1 fors\u00ed\u00f0unni. Veldu svo <strong>\u201eB\u00e6ta vi\u00f0 vi\u00f0bur\u00f0i\u201c<\/strong> til a\u00f0 byrja a\u00f0 b\u00faa til vi\u00f0bur\u00f0inn \u00feinn<\/p>\n\n<h2 class=\"wp-block-heading\">1. Sam\u00feykkja skilm\u00e1la og skilyr\u00f0i<\/h2>\n\n<p>Vinsamlegast taktu \u00fe\u00e9r sm\u00e1 stund til a\u00f0 lesa og sam\u00feykkja <strong>skilm\u00e1la og skilyr\u00f0i<\/strong> til a\u00f0 halda \u00e1fram.<\/p>\n\n<h2 class=\"wp-block-heading\">2. B\u00e6ta vi\u00f0 n\u00fdjum vi\u00f0bur\u00f0i<\/h2>\n\n<p>Smelltu \u00e1 <strong>\u201eB\u00e6ta vi\u00f0 n\u00fdjum vi\u00f0bur\u00f0i\u201c<\/strong><br\/>Sl\u00e1\u00f0u inn <strong>titil vi\u00f0bur\u00f0ar<\/strong> <br\/>Skrifa\u00f0u sk\u00fdra og gr\u00edpandi <strong>l\u00fdsingu \u00e1 vi\u00f0bur\u00f0i<\/strong> <\/p>\n\n<h2 class=\"wp-block-heading\">3. Veldu dagsetningu og t\u00edma<\/h2>\n\n<p>Veldu <strong>dagsetningu vi\u00f0bur\u00f0ar<\/strong><br\/>Stilltu upphafst\u00edma og lokat\u00edma. Gakktu \u00far skugga um a\u00f0 allar uppl\u00fdsingar s\u00e9u r\u00e9ttar \u00e1\u00f0ur en \u00fe\u00fa heldur \u00e1fram.<\/p>\n\n<h2 class=\"wp-block-heading\">4. Veldu tegund vi\u00f0bur\u00f0ar og st\u00f6\u00f0u<\/h2>\n\n<p>Veldu hvort vi\u00f0bur\u00f0urinn \u00feinn s\u00e9:<br\/><strong>S\u00fdndarvi\u00f0bur\u00f0ur<\/strong> e\u00f0a <strong>Vi\u00f0bur\u00f0ur \u00e1 sta\u00f0num<\/strong><br\/>Stilltu <strong>st\u00f6\u00f0u vi\u00f0bur\u00f0ar<\/strong> (t.d. \u00c1\u00e6tla\u00f0ur)<\/p>\n\n<h2 class=\"wp-block-heading\">5. B\u00e6ta vi\u00f0 mynd <\/h2>\n\n<p>Settu inn <strong>mynd af vi\u00f0bur\u00f0inum<\/strong> \u00ed g\u00f3\u00f0ri g\u00e6\u00f0um sem endurspeglar upplifunina af vi\u00f0bur\u00f0inum \u00fe\u00ednum.<br\/>\u00deessi mynd ver\u00f0ur birt \u00e1 <strong>fors\u00ed\u00f0u<\/strong> vi\u00f0bur\u00f0arins.<\/p>\n\n<h2 class=\"wp-block-heading\">6. Flokkar vi\u00f0bur\u00f0ar<\/h2>\n\n<p>Veldu \u00fe\u00e1 <strong>flokka<\/strong> sem l\u00fdsa vi\u00f0bur\u00f0inum \u00fe\u00ednum best. <br\/>Ef \u00fe\u00fa s\u00e9r\u00f0 ekki vi\u00f0eigandi flokk skaltu hafa samband vi\u00f0 okkur &#8211; vi\u00f0 b\u00e6tum honum vi\u00f0.<\/p>\n\n<h2 class=\"wp-block-heading\">7. B\u00e6ta vi\u00f0 sta\u00f0setningu (ef vi\u00f0 \u00e1)<\/h2>\n\n<p>Sl\u00e1\u00f0u inn sta\u00f0setningu \/ sv\u00e6\u00f0i vi\u00f0bur\u00f0arins.<\/p>\n\n<h2 class=\"wp-block-heading\">8. Fylltu inn uppl\u00fdsingar um skipuleggjanda<\/h2>\n\n<p>Gef\u00f0u upp samskiptauppl\u00fdsingar fyrir skipuleggjanda vi\u00f0bur\u00f0arins:<br\/>B\u00e6ttu vi\u00f0 nafni veitanda<br\/>Vefs\u00ed\u00f0a (valfrj\u00e1lst)<br\/>Nafn<br\/>Netfang<br\/>S\u00edman\u00famer<\/p>\n\n<h2 class=\"wp-block-heading\">9. B\u00e6ta vi\u00f0 vefs\u00ed\u00f0u vi\u00f0bur\u00f0ar (valfrj\u00e1lst)<\/h2>\n\n<p>B\u00e6ttu vi\u00f0 tengli \u00e1 ytri s\u00ed\u00f0u ef \u00fe\u00fa ert me\u00f0 sl\u00edka<\/p>\n\n<h2 class=\"wp-block-heading\">10. B\u00faa til mi\u00f0a <\/h2>\n\n<p>\u00deegar \u00fe\u00fa setur upp mi\u00f0ana \u00fe\u00edna getur\u00f0u s\u00e9rsni\u00f0i\u00f0 ver\u00f0, fj\u00f6lda og hvernig uppl\u00fdsingum um \u00fe\u00e1tttakendur er safna\u00f0.<br\/>Smelltu \u00e1 <strong>\u201eN\u00fdr mi\u00f0i\u201c<\/strong><br\/>Sl\u00e1\u00f0u inn mi\u00f0aver\u00f0 (<strong>skildu eftir autt<\/strong> ef mi\u00f0inn er \u00f3keypis)<br\/><br\/><strong>Valkostir fyrir h\u00e1marksfj\u00f6lda<\/strong><br\/>Veldu hvernig \u00fe\u00fa vilt st\u00fdra frambo\u00f0i mi\u00f0a: vinsamlegast smelltu \u00e1 valkost 2 e\u00f0a 3.<br\/><strong>Stilla h\u00e1marksfj\u00f6lda eing\u00f6ngu fyrir \u00feennan mi\u00f0a<\/strong> <br\/>Skilgreindu \u00e1kve\u00f0inn fj\u00f6lda mi\u00f0a sem eru \u00ed bo\u00f0i fyrir \u00feessa mi\u00f0ategund<br\/>D\u00e6mi: H\u00e1marksfj\u00f6ldi = 5<br\/><strong>Engin takm\u00f6rk \u00e1 fj\u00f6lda<\/strong><br\/>Veldu \u00feennan valkost ef engin takm\u00f6rk eru \u00e1 mi\u00f0as\u00f6lu<\/p>\n\n<p><strong>Mi\u00f0ak\u00f3\u00f0i<\/strong><br\/>Hver mi\u00f0i inniheldur <strong>einkv\u00e6man au\u00f0kennisk\u00f3\u00f0a<\/strong>. \u00deessi k\u00f3\u00f0i er nota\u00f0ur til sta\u00f0festingar og innritunar<\/p>\n\n<h3 class=\"wp-block-heading\">S\u00f6fnun uppl\u00fdsinga um \u00fe\u00e1tttakendur <\/h3>\n\n<p>Veldu hvernig uppl\u00fdsingar um \u00fe\u00e1tttakendur eru safna\u00f0 vi\u00f0 kaup<\/p>\n\n<p><strong>Engin s\u00f6fnun uppl\u00fdsinga um einstaka \u00fe\u00e1tttakendur<\/strong><br\/>A\u00f0eins uppl\u00fdsingar kaupanda eru safna\u00f0<br\/><strong>Leyfa s\u00f6fnun uppl\u00fdsinga um einstaka \u00fe\u00e1tttakendur<\/strong><br\/>Kaupendur geta slegi\u00f0 inn <strong>nafn og netfang fyrir hvern \u00fe\u00e1tttakanda<\/strong> (valfrj\u00e1lst)<br\/><strong>Krefjast s\u00f6fnunar uppl\u00fdsinga um einstaka \u00fe\u00e1tttakendur<\/strong><br\/>Kaupendur ver\u00f0a a\u00f0 sl\u00e1 inn <strong>nafn og netfang fyrir hvern \u00fe\u00e1tttakanda<\/strong><\/p>\n","protected":false},"excerpt":{"rendered":"<p>HVERNIG \u00c1 A\u00d0 B\u00daA TIL OG BIRTA VI\u00d0BUR\u00d0 \u00c1 DripDrop Fylgdu \u00feessum einf\u00f6ldu skrefum til a\u00f0 b\u00faa til og birta vi\u00f0bur\u00f0inn \u00feinn \u00e1 DripDrop. Smelltu \u00e1 \u201eMe\u00f0limur\u201c \u00e1 fors\u00ed\u00f0unni. Veldu svo \u201eB\u00e6ta vi\u00f0 vi\u00f0bur\u00f0i\u201c til a\u00f0 byrja a\u00f0 b\u00faa til vi\u00f0bur\u00f0inn \u00feinn 1. Sam\u00feykkja skilm\u00e1la og skilyr\u00f0i Vinsamlegast taktu \u00fe\u00e9r sm\u00e1 stund til a\u00f0 lesa [&hellip;]<\/p>\n","protected":false},"author":1,"featured_media":0,"parent":0,"menu_order":0,"comment_status":"closed","ping_status":"closed","template":"","meta":{"_eb_attr":"","content-type":"","inline_featured_image":false,"_uag_custom_page_level_css":"","site-sidebar-layout":"default","site-content-layout":"","ast-site-content-layout":"default","site-content-style":"default","site-sidebar-style":"default","ast-global-header-display":"","ast-banner-title-visibility":"","ast-main-header-display":"","ast-hfb-above-header-display":"","ast-hfb-below-header-display":"","ast-hfb-mobile-header-display":"","site-post-title":"","ast-breadcrumbs-content":"","ast-featured-img":"","footer-sml-layout":"","ast-disable-related-posts":"","theme-transparent-header-meta":"","adv-header-id-meta":"","stick-header-meta":"","header-above-stick-meta":"","header-main-stick-meta":"","header-below-stick-meta":"","astra-migrate-meta-layouts":"default","ast-page-background-enabled":"default","ast-page-background-meta":{"desktop":{"background-color":"","background-image":"","background-repeat":"repeat","background-position":"center center","background-size":"auto","background-attachment":"scroll","background-type":"","background-media":"","overlay-type":"","overlay-color":"","overlay-opacity":"","overlay-gradient":""},"tablet":{"background-color":"","background-image":"","background-repeat":"repeat","background-position":"center center","background-size":"auto","background-attachment":"scroll","background-type":"","background-media":"","overlay-type":"","overlay-color":"","overlay-opacity":"","overlay-gradient":""},"mobile":{"background-color":"","background-image":"","background-repeat":"repeat","background-position":"center center","background-size":"auto","background-attachment":"scroll","background-type":"","background-media":"","overlay-type":"","overlay-color":"","overlay-opacity":"","overlay-gradient":""}},"ast-content-background-meta":{"desktop":{"background-color":"var(--ast-global-color-5)","background-image":"","background-repeat":"repeat","background-position":"center center","background-size":"auto","background-attachment":"scroll","background-type":"","background-media":"","overlay-type":"","overlay-color":"","overlay-opacity":"","overlay-gradient":""},"tablet":{"background-color":"var(--ast-global-color-5)","background-image":"","background-repeat":"repeat","background-position":"center center","background-size":"auto","background-attachment":"scroll","background-type":"","background-media":"","overlay-type":"","overlay-color":"","overlay-opacity":"","overlay-gradient":""},"mobile":{"background-color":"var(--ast-global-color-5)","background-image":"","background-repeat":"repeat","background-position":"center center","background-size":"auto","background-attachment":"scroll","background-type":"","background-media":"","overlay-type":"","overlay-color":"","overlay-opacity":"","overlay-gradient":""}},"_price":"","_stock":"","_tribe_ticket_header":"","_tribe_default_ticket_provider":"","_tribe_ticket_capacity":"0","_ticket_start_date":"","_ticket_end_date":"","_tribe_ticket_show_description":"","_tribe_ticket_show_not_going":false,"_tribe_ticket_use_global_stock":"","_tribe_ticket_global_stock_level":"","_global_stock_mode":"","_global_stock_cap":"","_tribe_rsvp_for_event":"","_tribe_ticket_going_count":"","_tribe_ticket_not_going_count":"","_tribe_tickets_list":"[]","_tribe_ticket_has_attendee_info_fields":false,"footnotes":"","_tec_slr_enabled":"","_tec_slr_layout":""},"class_list":["post-11130","page","type-page","status-publish","hentry"],"aioseo_notices":[],"spectra_custom_meta":{"surerank_seo_checks":["a:14:{s:14:\"h2_subheadings\";a:3:{s:6:\"status\";s:7:\"success\";s:7:\"message\";s:38:\"Page contains at least one subheading.\";s:4:\"type\";s:4:\"page\";}s:13:\"media_present\";a:3:{s:6:\"status\";s:7:\"success\";s:7:\"message\";s:55:\"This page includes images or videos to enhance content.\";s:4:\"type\";s:4:\"page\";}s:13:\"links_present\";a:3:{s:6:\"status\";s:7:\"warning\";s:7:\"message\";s:27:\"No links found on the page.\";s:4:\"type\";s:4:\"page\";}s:10:\"url_length\";a:3:{s:6:\"status\";s:7:\"success\";s:7:\"message\";s:35:\"Page URL is short and SEO-friendly.\";s:4:\"type\";s:4:\"page\";}s:19:\"search_engine_title\";a:3:{s:6:\"status\";s:7:\"success\";s:7:\"message\";s:55:\"Search engine title is present and under 60 characters.\";s:4:\"type\";s:4:\"page\";}s:25:\"search_engine_description\";a:3:{s:6:\"status\";s:7:\"success\";s:7:\"message\";s:62:\"Search engine description is present and under 160 characters.\";s:4:\"type\";s:4:\"page\";}s:13:\"canonical_url\";a:3:{s:6:\"status\";s:7:\"success\";s:7:\"message\";s:37:\"Canonical tag is present on the page.\";s:4:\"type\";s:4:\"page\";}s:15:\"open_graph_tags\";a:3:{s:6:\"status\";s:7:\"success\";s:7:\"message\";s:40:\"Open Graph tags are present on the page.\";s:4:\"type\";s:4:\"page\";}s:16:\"keyword_in_title\";a:3:{s:6:\"status\";s:10:\"suggestion\";s:7:\"message\";s:38:\"No focus keyword set to analyze title.\";s:4:\"type\";s:7:\"keyword\";}s:22:\"keyword_in_description\";a:3:{s:6:\"status\";s:10:\"suggestion\";s:7:\"message\";s:49:\"No focus keyword set to analyze meta description.\";s:4:\"type\";s:7:\"keyword\";}s:14:\"keyword_in_url\";a:3:{s:6:\"status\";s:10:\"suggestion\";s:7:\"message\";s:36:\"No focus keyword set to analyze URL.\";s:4:\"type\";s:7:\"keyword\";}s:18:\"keyword_in_content\";a:3:{s:6:\"status\";s:10:\"suggestion\";s:7:\"message\";s:40:\"No focus keyword set to analyze content.\";s:4:\"type\";s:7:\"keyword\";}s:12:\"broken_links\";a:2:{s:6:\"status\";s:7:\"success\";s:7:\"message\";s:34:\"No broken links found on the page.\";}s:14:\"image_alt_text\";a:5:{s:6:\"status\";s:10:\"suggestion\";s:11:\"description\";a:0:{}s:7:\"message\";s:108:\"One or more images are missing alt text attributes. But don't worry, we will add them automatically for you.\";s:11:\"show_images\";b:1;s:4:\"type\";s:4:\"page\";}}"],"surerank_seo_checks_last_updated":["1775327850"],"_last_translation_edit_mode":["translation-editor"],"_price":[""],"ast-main-header-display":[""],"ast-hfb-above-header-display":[""],"ast-hfb-below-header-display":[""],"ast-hfb-mobile-header-display":[""],"adv-header-id-meta":[""],"footer-sml-layout":[""],"stick-header-meta":[""],"header-main-stick-meta":[""],"header-above-stick-meta":[""],"header-below-stick-meta":[""],"site-post-title":[""],"site-sidebar-layout":["default"],"site-content-layout":[""],"ast-featured-img":[""],"ast-breadcrumbs-content":[""],"theme-transparent-header-meta":[""],"ast-banner-title-visibility":[""],"ast-global-header-display":[""],"ast-site-content-layout":["default"],"site-content-style":["default"],"site-sidebar-style":["default"],"_wpml_word_count":["501"],"_tribe_ticket_capacity":["0"],"_tribe_ticket_version":["5.27.5"],"_eb_reusable_block_ids":["a:0:{}"],"_eael_post_view_count":["4"],"_uag_css_file_name":["uag-css-11130.css"],"litespeed_vpi_list":["a:1:{i:0;s:9:\"vpi error\";}"],"_uag_page_assets":["a:9:{s:3:\"css\";s:9443:\".uag-blocks-common-selector{z-index:var(--z-index-desktop) !important}@media (max-width: 976px){.uag-blocks-common-selector{z-index:var(--z-index-tablet) !important}}@media (max-width: 767px){.uag-blocks-common-selector{z-index:var(--z-index-mobile) !important}}\n.wp-block-uagb-image{display:flex}.wp-block-uagb-image__figure{position:relative;display:flex;flex-direction:column;max-width:100%;height:auto;margin:0}.wp-block-uagb-image__figure img{height:auto;display:flex;max-width:100%;transition:box-shadow 0.2s ease}.wp-block-uagb-image__figure>a{display:inline-block}.wp-block-uagb-image__figure figcaption{text-align:center;margin-top:0.5em;margin-bottom:1em}.wp-block-uagb-image .components-placeholder.block-editor-media-placeholder .components-placeholder__instructions{align-self:center}.wp-block-uagb-image--align-left{text-align:left}.wp-block-uagb-image--align-right{text-align:right}.wp-block-uagb-image--align-center{text-align:center}.wp-block-uagb-image--align-full .wp-block-uagb-image__figure{margin-left:calc(50% - 50vw);margin-right:calc(50% - 50vw);max-width:100vw;width:100vw;height:auto}.wp-block-uagb-image--align-full .wp-block-uagb-image__figure img{height:auto;width:100% !important}.wp-block-uagb-image--align-wide .wp-block-uagb-image__figure img{height:auto;width:100%}.wp-block-uagb-image--layout-overlay__color-wrapper{position:absolute;left:0;top:0;right:0;bottom:0;opacity:0.2;background:rgba(0,0,0,0.5);transition:opacity 0.35s ease-in-out}.wp-block-uagb-image--layout-overlay-link{position:absolute;left:0;right:0;bottom:0;top:0}.wp-block-uagb-image--layout-overlay .wp-block-uagb-image__figure:hover .wp-block-uagb-image--layout-overlay__color-wrapper{opacity:1}.wp-block-uagb-image--layout-overlay__inner{position:absolute;left:15px;right:15px;bottom:15px;top:15px;display:flex;align-items:center;justify-content:center;flex-direction:column;border-color:#fff;transition:0.35s ease-in-out}.wp-block-uagb-image--layout-overlay__inner.top-left,.wp-block-uagb-image--layout-overlay__inner.top-center,.wp-block-uagb-image--layout-overlay__inner.top-right{justify-content:flex-start}.wp-block-uagb-image--layout-overlay__inner.bottom-left,.wp-block-uagb-image--layout-overlay__inner.bottom-center,.wp-block-uagb-image--layout-overlay__inner.bottom-right{justify-content:flex-end}.wp-block-uagb-image--layout-overlay__inner.top-left,.wp-block-uagb-image--layout-overlay__inner.center-left,.wp-block-uagb-image--layout-overlay__inner.bottom-left{align-items:flex-start}.wp-block-uagb-image--layout-overlay__inner.top-right,.wp-block-uagb-image--layout-overlay__inner.center-right,.wp-block-uagb-image--layout-overlay__inner.bottom-right{align-items:flex-end}.wp-block-uagb-image--layout-overlay__inner .uagb-image-heading{color:#fff;transition:transform 0.35s, opacity 0.35s ease-in-out;transform:translate3d(0, 24px, 0);margin:0;line-height:1em}.wp-block-uagb-image--layout-overlay__inner .uagb-image-separator{width:30%;border-top-width:2px;border-top-color:#fff;border-top-style:solid;margin-bottom:10px;opacity:0;transition:transform 0.4s, opacity 0.4s ease-in-out;transform:translate3d(0, 30px, 0)}.wp-block-uagb-image--layout-overlay__inner .uagb-image-caption{opacity:0;overflow:visible;color:#fff;transition:transform 0.45s, opacity 0.45s ease-in-out;transform:translate3d(0, 35px, 0)}.wp-block-uagb-image--layout-overlay__inner:hover .uagb-image-heading,.wp-block-uagb-image--layout-overlay__inner:hover .uagb-image-separator,.wp-block-uagb-image--layout-overlay__inner:hover .uagb-image-caption{opacity:1;transform:translate3d(0, 0, 0)}.wp-block-uagb-image--effect-zoomin .wp-block-uagb-image__figure img,.wp-block-uagb-image--effect-zoomin .wp-block-uagb-image__figure .wp-block-uagb-image--layout-overlay__color-wrapper{transform:scale(1);transition:transform 0.35s ease-in-out}.wp-block-uagb-image--effect-zoomin .wp-block-uagb-image__figure:hover img,.wp-block-uagb-image--effect-zoomin .wp-block-uagb-image__figure:hover .wp-block-uagb-image--layout-overlay__color-wrapper{transform:scale(1.05)}.wp-block-uagb-image--effect-slide .wp-block-uagb-image__figure img,.wp-block-uagb-image--effect-slide .wp-block-uagb-image__figure .wp-block-uagb-image--layout-overlay__color-wrapper{width:calc(100% + 40px) !important;max-width:none !important;transform:translate3d(-40px, 0, 0);transition:transform 0.35s ease-in-out}.wp-block-uagb-image--effect-slide .wp-block-uagb-image__figure:hover img,.wp-block-uagb-image--effect-slide .wp-block-uagb-image__figure:hover .wp-block-uagb-image--layout-overlay__color-wrapper{transform:translate3d(0, 0, 0)}.wp-block-uagb-image--effect-grayscale img{filter:grayscale(0%);transition:0.35s ease-in-out}.wp-block-uagb-image--effect-grayscale:hover img{filter:grayscale(100%)}.wp-block-uagb-image--effect-blur img{filter:blur(0);transition:0.35s ease-in-out}.wp-block-uagb-image--effect-blur:hover img{filter:blur(3px)}\n.uagb-block-2721e973.wp-block-uagb-image--layout-default figure img{box-shadow: 0px 0px 0 #00000070;}.uagb-block-2721e973.wp-block-uagb-image .wp-block-uagb-image__figure figcaption{font-style: normal;align-self: center;}.uagb-block-2721e973.wp-block-uagb-image--layout-overlay figure img{box-shadow: 0px 0px 0 #00000070;}.uagb-block-2721e973.wp-block-uagb-image--layout-overlay .wp-block-uagb-image--layout-overlay__color-wrapper{opacity: 0.2;}.uagb-block-2721e973.wp-block-uagb-image--layout-overlay .wp-block-uagb-image--layout-overlay__inner{left: 15px;right: 15px;top: 15px;bottom: 15px;}.uagb-block-2721e973.wp-block-uagb-image--layout-overlay .wp-block-uagb-image--layout-overlay__inner .uagb-image-heading{font-style: normal;color: #fff;opacity: 1;}.uagb-block-2721e973.wp-block-uagb-image--layout-overlay .wp-block-uagb-image--layout-overlay__inner .uagb-image-heading a{color: #fff;}.uagb-block-2721e973.wp-block-uagb-image--layout-overlay .wp-block-uagb-image--layout-overlay__inner .uagb-image-caption{opacity: 0;}.uagb-block-2721e973.wp-block-uagb-image--layout-overlay .wp-block-uagb-image__figure:hover .wp-block-uagb-image--layout-overlay__color-wrapper{opacity: 1;}.uagb-block-2721e973.wp-block-uagb-image .wp-block-uagb-image--layout-overlay__inner .uagb-image-separator{width: 30%;border-top-width: 2px;border-top-color: #fff;opacity: 0;}.uagb-block-2721e973.wp-block-uagb-image .wp-block-uagb-image__figure img{object-fit: cover;width: 230px;height: 240px;}.uagb-block-2721e973.wp-block-uagb-image .wp-block-uagb-image__figure:hover .wp-block-uagb-image--layout-overlay__inner .uagb-image-caption{opacity: 1;}.uagb-block-2721e973.wp-block-uagb-image .wp-block-uagb-image__figure:hover .wp-block-uagb-image--layout-overlay__inner .uagb-image-separator{opacity: 1;}.uagb-block-2721e973.wp-block-uagb-image--layout-default figure:hover img{box-shadow: 0px 0px 0 #00000070;}.uagb-block-2721e973.wp-block-uagb-image--layout-overlay figure:hover img{box-shadow: 0px 0px 0 #00000070;}@media only screen and (max-width: 976px) {.uagb-block-2721e973.wp-block-uagb-image .wp-block-uagb-image__figure img{width: 230px;height: auto;}}@media only screen and (max-width: 767px) {.uagb-block-2721e973.wp-block-uagb-image .wp-block-uagb-image__figure img{width: 230px;height: auto;}}.uagb-block-08517200.wp-block-uagb-image--layout-default figure img{box-shadow: 0px 0px 0 #00000070;}.uagb-block-08517200.wp-block-uagb-image .wp-block-uagb-image__figure figcaption{font-style: normal;align-self: center;}.uagb-block-08517200.wp-block-uagb-image--layout-overlay figure img{box-shadow: 0px 0px 0 #00000070;}.uagb-block-08517200.wp-block-uagb-image--layout-overlay .wp-block-uagb-image--layout-overlay__color-wrapper{opacity: 0.2;}.uagb-block-08517200.wp-block-uagb-image--layout-overlay .wp-block-uagb-image--layout-overlay__inner{left: 15px;right: 15px;top: 15px;bottom: 15px;}.uagb-block-08517200.wp-block-uagb-image--layout-overlay .wp-block-uagb-image--layout-overlay__inner .uagb-image-heading{font-style: normal;color: #fff;opacity: 1;}.uagb-block-08517200.wp-block-uagb-image--layout-overlay .wp-block-uagb-image--layout-overlay__inner .uagb-image-heading a{color: #fff;}.uagb-block-08517200.wp-block-uagb-image--layout-overlay .wp-block-uagb-image--layout-overlay__inner .uagb-image-caption{opacity: 0;}.uagb-block-08517200.wp-block-uagb-image--layout-overlay .wp-block-uagb-image__figure:hover .wp-block-uagb-image--layout-overlay__color-wrapper{opacity: 1;}.uagb-block-08517200.wp-block-uagb-image .wp-block-uagb-image--layout-overlay__inner .uagb-image-separator{width: 30%;border-top-width: 2px;border-top-color: #fff;opacity: 0;}.uagb-block-08517200.wp-block-uagb-image .wp-block-uagb-image__figure img{width: px;height: auto;}.uagb-block-08517200.wp-block-uagb-image .wp-block-uagb-image__figure:hover .wp-block-uagb-image--layout-overlay__inner .uagb-image-caption{opacity: 1;}.uagb-block-08517200.wp-block-uagb-image .wp-block-uagb-image__figure:hover .wp-block-uagb-image--layout-overlay__inner .uagb-image-separator{opacity: 1;}.uagb-block-08517200.wp-block-uagb-image--layout-default figure:hover img{box-shadow: 0px 0px 0 #00000070;}.uagb-block-08517200.wp-block-uagb-image--layout-overlay figure:hover img{box-shadow: 0px 0px 0 #00000070;}@media only screen and (max-width: 976px) {.uagb-block-08517200.wp-block-uagb-image .wp-block-uagb-image__figure img{width: px;height: auto;}}@media only screen and (max-width: 767px) {.uagb-block-08517200.wp-block-uagb-image .wp-block-uagb-image__figure img{width: px;height: auto;}}\";s:2:\"js\";s:0:\"\";s:18:\"current_block_list\";a:12:{i:0;s:12:\"core\/heading\";i:1;s:14:\"core\/paragraph\";i:2;s:10:\"core\/image\";i:3;s:11:\"core\/search\";i:4;s:10:\"core\/group\";i:5;s:17:\"core\/latest-posts\";i:6;s:20:\"core\/latest-comments\";i:7;s:13:\"core\/archives\";i:8;s:15:\"core\/categories\";i:9;s:10:\"uagb\/image\";i:10;s:12:\"core\/details\";i:11;s:14:\"core\/shortcode\";}s:8:\"uag_flag\";b:1;s:11:\"uag_version\";i:1775544280;s:6:\"gfonts\";a:0:{}s:10:\"gfonts_url\";s:0:\"\";s:12:\"gfonts_files\";a:0:{}s:14:\"uag_faq_layout\";b:0;}"]},"uagb_featured_image_src":{"full":false,"thumbnail":false,"medium":false,"medium_large":false,"large":false,"1536x1536":false,"2048x2048":false,"woocommerce_thumbnail":false,"woocommerce_single":false,"woocommerce_gallery_thumbnail":false},"uagb_author_info":{"display_name":"DripDrop Drop","author_link":"https:\/\/dripdrop.is\/is\/author\/hildursaevarsgmail-com\/"},"uagb_comment_info":0,"uagb_excerpt":"HVERNIG \u00c1 A\u00d0 B\u00daA TIL OG BIRTA VI\u00d0BUR\u00d0 \u00c1 DripDrop Fylgdu \u00feessum einf\u00f6ldu skrefum til a\u00f0 b\u00faa til og birta vi\u00f0bur\u00f0inn \u00feinn \u00e1 DripDrop. Smelltu \u00e1 \u201eMe\u00f0limur\u201c \u00e1 fors\u00ed\u00f0unni. Veldu svo \u201eB\u00e6ta vi\u00f0 vi\u00f0bur\u00f0i\u201c til a\u00f0 byrja a\u00f0 b\u00faa til vi\u00f0bur\u00f0inn \u00feinn 1. Sam\u00feykkja skilm\u00e1la og skilyr\u00f0i Vinsamlegast taktu \u00fe\u00e9r sm\u00e1 stund til a\u00f0 lesa&hellip;","ticketed":false,"_links":{"self":[{"href":"https:\/\/dripdrop.is\/is\/wp-json\/wp\/v2\/pages\/11130","targetHints":{"allow":["GET"]}}],"collection":[{"href":"https:\/\/dripdrop.is\/is\/wp-json\/wp\/v2\/pages"}],"about":[{"href":"https:\/\/dripdrop.is\/is\/wp-json\/wp\/v2\/types\/page"}],"author":[{"embeddable":true,"href":"https:\/\/dripdrop.is\/is\/wp-json\/wp\/v2\/users\/1"}],"replies":[{"embeddable":true,"href":"https:\/\/dripdrop.is\/is\/wp-json\/wp\/v2\/comments?post=11130"}],"version-history":[{"count":1,"href":"https:\/\/dripdrop.is\/is\/wp-json\/wp\/v2\/pages\/11130\/revisions"}],"predecessor-version":[{"id":11131,"href":"https:\/\/dripdrop.is\/is\/wp-json\/wp\/v2\/pages\/11130\/revisions\/11131"}],"wp:attachment":[{"href":"https:\/\/dripdrop.is\/is\/wp-json\/wp\/v2\/media?parent=11130"}],"curies":[{"name":"wp","href":"https:\/\/api.w.org\/{rel}","templated":true}]}}